{"id":1017,"date":"2021-09-01T13:41:17","date_gmt":"2021-09-01T13:41:17","guid":{"rendered":"http:\/\/vela-vrata.hr\/?page_id=1017"},"modified":"2023-12-22T12:09:19","modified_gmt":"2023-12-22T12:09:19","slug":"prvi-flag-natjecaj-za-mjeru-1-1-c-zatvoreno","status":"publish","type":"page","link":"https:\/\/vela-vrata.hr\/2014-2020\/mjera-1-1\/prvi-flag-natjecaj-za-mjeru-1-1-c-zatvoreno\/","title":{"rendered":"PRVI FLAG NATJE\u010cAJ ZA MJERU 1.1.C &#8211; ZATVORENO"},"content":{"rendered":"<p><strong>Vrsta natje\u010daja:<\/strong>&nbsp;Bespovratna sredstva<\/p>\n<p><strong>Predmet natje\u010daja:<\/strong>&nbsp;Mjera 1.1. C &#8211; Podr\u0161ka razvoju i osuvremenjivanju male ribarske infrastrukture i unapre\u0111enje uvjeta poslovanja<\/p>\n<ul>\n<li><strong>Najni\u017ei iznos javne potpore po projektu:&nbsp;<\/strong>1.000,00 EUR odnosno 7.547,00 HRK<\/li>\n<li><strong>Najvi\u0161i iznos javne potpore po projektu:&nbsp;<\/strong>20.000,00 EUR odnosno 150.940,00 HRK<\/li>\n<\/ul>\n<p><strong>Intenzitet potpore:<\/strong>&nbsp;50% i 80% sukladno uvjetima natje\u010daja<\/p>\n<p><strong>Prihvatljivi nositelji projekta:&nbsp;<\/strong>privatno poduze\u0107e (trgova\u010dko dru\u0161tvo) ili obrt u sektoru ribarstva i akvakulture koji su vlasnici ili ovla\u0161tenici va\u017ee\u0107e povlastice za obavljanje gospodarskog ribolova i\/ili ovla\u0161tenici dozvole\/povlastice za akvakulturu&nbsp;<strong>u rangu<\/strong>&nbsp;(kategoriji) mikro, malog ili srednjeg poduze\u0107a (ako je primjenjivo);<\/p>\n<p><em><strong>NAPOMENA:<\/strong><\/em>&nbsp;&nbsp;<em>Nositelj projekta mora imati stalno sjedi\u0161te ili biti registriran ili imati podru\u017enicu unutar ribarstvenog podru\u010dja FLAG-a Vela vrata<\/em><\/p>\n<p><strong>Prihvatljive aktivnosti (operacije) u okviru ovog FLAG natje\u010daja su:<\/strong><\/p>\n<ol>\n<li>Ulaganje u opremanje uzgajali\u0161ta u akvakulturi u svrhu modernizacije poslovanja, \u010duvanja kvalitete, distribucije proizvoda i unaprje\u0111enja sigurnosti, higijene, zdravstvenih i radnih uvjeta<\/li>\n<li>Ulaganja na ribarskim plovilima u svrhu pobolj\u0161anja sigurnosnih uvjeta<\/li>\n<li>Ulaganja na ribarskim plovilima u svrhu pobolj\u0161anja zdravstvenih uvjeta,<\/li>\n<li>Ulaganja na ribarskim plovilima u svrhu pobolj\u0161anja higijenskih uvjeta<\/li>\n<li>Ulaganja na ribarskim plovilima u svrhu pobolj\u0161anja radnih uvjeta,<\/li>\n<li>Ulaganja na ribarskim plovilima s ciljem podizanja kvalitete ulova i\/ili dodane vrijednosti,<\/li>\n<li>Ulaganja na ribarskim plovilima u cilju ja\u010danja energetske u\u010dinkovitosti,<\/li>\n<li>Ulaganja izvan ribarskog plovila koja doprinose unapre\u0111enju dodane vrijednosti i kvalitete ulova sa ribarskog plovila te distribucija<\/li>\n<\/ol>\n<p>Informacije o FLAG natje\u010daju mo\u017eete zatra\u017eiti:<\/p>\n<ul>\n<li><strong>e-mailom:<\/strong>&nbsp;natjecaji.velavrata@gmail.com<\/li>\n<\/ul>\n<ul>\n<li><strong>Osobno uz obveznu prethodnu najavu<\/strong>: svaki radni dan u sjedi\u0161tu LAGUR-a Vela vrata u Cresu, na adresi Pod urom 6, od 09:30 do 14:00<\/li>\n<\/ul>\n<p><strong>Najava na: 091\/541-53-30<\/strong><\/p>\n<ul>\n<li>Odgovori na pitanja biti \u0107e objavljeni na web stranici www.<a href=\"http:\/\/www.vela-vrata.hr\/\">vela-vrata.hr<\/a><\/li>\n<\/ul>\n<p>Natje\u010dajnu dokumentaciju mo\u017eete prona\u0107i na sljede\u0107im poveznicama:<\/p>\n<p>Natje\u010dajna dokumentacija:<\/p>\n<p><strong>1.&nbsp;<a href=\"https:\/\/vela-vrata.hr\/2014-2020\/wordpress\/wp-content\/uploads\/2020\/08\/FLAG-natjecaj_FLAG-VV_M-1.1.C_v.1.0.pdf\">FLAG natje\u010daj_FLAG VV_M 1.1.C_v.1.0&nbsp;<\/a><\/strong><\/p>\n<p>Odlukom Upravnog odbora, 12.04.2022. objavljuju se prve izmjene FLAG natje\u010daja M 1.1. C koji sad nosi oznaku v.1.1.&nbsp;<\/p>\n<ul>\n<li><a href=\"https:\/\/vela-vrata.hr\/2014-2020\/wordpress\/wp-content\/uploads\/2022\/12\/03-2022-01_Odluka_Izmjena-1.FN-M1.1.C.pdf\">Odluka o izmjeni 1.FN M1.1.C v.1.0<\/a>&#8211; 12.04.2022.<\/li>\n<li><a href=\"https:\/\/vela-vrata.hr\/2014-2020\/wordpress\/wp-content\/uploads\/2022\/12\/FLAG-natjecaj_FLAG-VV_M-1.1.C_v.1.1_F.pdf\">FLAG Natje\u010daj M 1.1. C v.1.1.<\/a><\/li>\n<\/ul>\n<p>Odlukom Upravnog odbora, 29.12.2022. objavljuju se druge izmjene FLAG natje\u010daja M 1.1. C koji sad nosi oznaku v.1.2.&nbsp;<\/p>\n<ul>\n<li><a href=\"https:\/\/vela-vrata.hr\/2014-2020\/wordpress\/wp-content\/uploads\/2022\/12\/03-2022-21_Odluka-izmjena-1.1.C.pdf\">Odluka o izmjenama &#8211; <\/a>29.12.2022.<\/li>\n<li><a href=\"https:\/\/vela-vrata.hr\/2014-2020\/wordpress\/wp-content\/uploads\/2022\/12\/FLAG-natjecaj_FLAG-VV_M-1.1.C_v.1.2_F.pdf\">FLAG Natje\u010daj M 1.1. C v.1.2.&nbsp;<\/a><\/li>\n<\/ul>\n<p>Odlukom Upravnog odbora, 11.05.2023. objavljuje se tre\u0107a izmjena FLAG natje\u010daja M 1.1. C koji sad nosi oznaku v.1.3.&nbsp;<\/p>\n<ul>\n<li><a href=\"https:\/\/vela-vrata.hr\/2014-2020\/wp-content\/uploads\/2023\/06\/03-2023-07_Odluka_3.izmjena-FN-M1.1.C.pdf\">Odluka o izmjeni<\/a> &#8211; 11.05.2023.<\/li>\n<li><a href=\"https:\/\/vela-vrata.hr\/2014-2020\/wp-content\/uploads\/2023\/06\/FLAG-natjecaj_FLAG-VV_M-1.1.C_v.1.3.pdf\">FLAG Natje\u010daj M 1.1. C v.1.3.&nbsp;<\/a><\/li>\n<\/ul>\n<p>Odlukom Upravnog odbora, 20.10.2023. objavljuje se \u010detvrta izmjena FLAG natje\u010daja M 1.1. C koji sad nosi oznaku v.1.4.&nbsp;<\/p>\n<ul>\n<li><a href=\"https:\/\/vela-vrata.hr\/2014-2020\/wp-content\/uploads\/2023\/10\/03-2023-21_Odluka_4.-izmjena-FN-M1.1.C.pdf\">Odluka o izmjeni<\/a> &#8211; 20.10.2023.<\/li>\n<li><a href=\"https:\/\/vela-vrata.hr\/2014-2020\/wp-content\/uploads\/2023\/12\/FLAG-natjecaj_FLAG-VV_M-1.1.C_v.1.4_F.pdf\">FLAG natjecaj_FLAG VV_M 1.1.C_v.1.4_F<\/a>FLAG Natje\u010daj M 1.1. C v.1.4.&nbsp;<\/li>\n<\/ul>\n<p><strong>2. PRILOZI SPECIFI\u010cNI ZA MJERU 1.1.C<\/strong><\/p>\n<ul>\n<li><a href=\"https:\/\/vela-vrata.hr\/2014-2020\/wordpress\/wp-content\/uploads\/2020\/08\/PRILOG-I-Popis-dokumentacije-za-podnosenje-ZZP_M-1.1.C_V.1.0_F.pdf\">PRILOG I Popis dokumentacije za podnosenje ZZP_M 1.1.C_V.1.0_F<\/a><\/li>\n<li><a href=\"https:\/\/vela-vrata.hr\/2014-2020\/wordpress\/wp-content\/uploads\/2020\/08\/PRILOG-II-Popis-dokumentacije-za-ZZI_M-1.1.-C_v.1.0_F.pdf\">PRILOG II &#8211; Popis dokumentacije za ZZI_M 1.1. C_v.1.0_F<\/a><\/li>\n<li><a href=\"https:\/\/vela-vrata.hr\/2014-2020\/wordpress\/wp-content\/uploads\/2020\/08\/PRILOG-III-Lista-prihvatljivih-tro\u0161kova-M-1.1.C_v.1.0_F.pdf\">PRILOG III Lista prihvatljivih tro\u0161kova M 1.1.C_v.1.0_F<\/a><\/li>\n<li><a href=\"https:\/\/vela-vrata.hr\/2014-2020\/wordpress\/wp-content\/uploads\/2020\/08\/FN-Prilog-IV.-Prilog-I.-Uredbe-EU-5082014.pdf\">FN Prilog-IV.-Prilog-I.-Uredbe-EU-5082014<\/a><\/li>\n<\/ul>\n<p><strong><em>3.&nbsp; PRILOZI ZA SVE FLAG NATJE\u010cAJE<\/em><\/strong><\/p>\n<ul>\n<li><a href=\"https:\/\/euribarstvo.hr\/files\/Pravila-i-upute-za-provedbu-nabave_nositelj-projekta.pdf\">PRILOG V Pravila i upute za provedbu nabave&nbsp;<\/a><\/li>\n<li><a href=\"https:\/\/euribarstvo.hr\/propisi-smjernice\/\">PRILOG VI Pravila za provedbu mjera informiranja i promid\u017ebu<\/a><\/li>\n<li><a href=\"https:\/\/vela-vrata.hr\/2014-2020\/wordpress\/wp-content\/uploads\/2020\/08\/Vela-vrata-LRSR-v.3_06_2020.pdf\">PRILOG V Vela vrata LRSR v.4_06_2020<\/a><\/li>\n<li><a href=\"https:\/\/narodne-novine.nn.hr\/clanci\/sluzbeni\/2019_03_27_556.html\">PRILOG VIII Pravilnik o provedbi LRSR<\/a><\/li>\n<li><a href=\"https:\/\/vela-vrata.hr\/2014-2020\/wordpress\/wp-content\/uploads\/2019\/09\/Pravilnik-VV-za-odabir-i-provedbu-projekata-u-okviru-LRSR.pdf\">PRILOG VIX Pravilnik za provedbu projekata u okviru LRSR LAGUR-a Vela vrata<\/a><\/li>\n<li><a href=\"https:\/\/euribarstvo.hr\/propisi-smjernice\/\">PRILOG X Priru\u010dnik za korisnike OPPR-a_ Kontrola na terenu<\/a><\/li>\n<li><a href=\"https:\/\/euribarstvo.hr\/propisi-smjernice\/\">PRILOG XI Upute za \u010duvanje dokumentacije<\/a><\/li>\n<li><a href=\"https:\/\/euribarstvo.hr\/propisi-smjernice\/\">PRILOG XII Vodi\u010d za upis u evidenciju korisnika potpora u ruralnom razvoju i ribarstvu<\/a><\/li>\n<li><a href=\"https:\/\/vela-vrata.hr\/2014-2020\/wordpress\/wp-content\/uploads\/2019\/09\/Vodi%C4%8D_Definicija-MSP-a-1.pdf\">PRILOG XIII Vodi\u010d_Definicija-MSP-a<\/a><\/li>\n<li><a href=\"https:\/\/euribarstvo.hr\/propisi-smjernice\/\">PRILOG XIV Vizualni identitet OP za pomorstvo i ribarstvo<\/a><\/li>\n<li><a href=\"https:\/\/euribarstvo.hr\/propisi-smjernice\/\">PRILOG XV Uputa za popunjavanje obrasca Zahtjeva za kontrolu na terenu u ranijoj fazi<\/a><\/li>\n<li><a href=\"https:\/\/vela-vrata.hr\/2014-2020\/wordpress\/wp-content\/uploads\/2020\/08\/FN-Prilog-XVI-Vodi\u010d-za-prevenciju-rizika.pdf\">Prilog XVI- Vodi\u010d za prevenciju rizika<\/a><\/li>\n<\/ul>\n<p><strong><em>4. OBRASCI ZA MJERU 1.1.C<\/em><\/strong><\/p>\n<ul>\n<li><a href=\"https:\/\/vela-vrata.hr\/2014-2020\/wordpress\/wp-content\/uploads\/2020\/08\/Obrazac-1.A-Zahtjev-za-potporu_M_1.1-C-ribari_V.1.0_UR_F.docx\">Obrazac 1.A Zahtjev za potporu_M_1.1 C _V.1.0_F<\/a><\/li>\n<li><a href=\"https:\/\/vela-vrata.hr\/2014-2020\/wordpress\/wp-content\/uploads\/2020\/08\/Obrazac-1.B-Lista-troskova_M_1.1.C_v.1.0_F.xlsx\">Obrazac 1.B Lista troskova_M_1.1.C_v.1.0_F<\/a>_F<\/li>\n<li><a href=\"https:\/\/vela-vrata.hr\/2014-2020\/wordpress\/wp-content\/uploads\/2020\/08\/Obrazac-2.-Izjava-Nositelja-projekta-_V1.0_C_UR_F.docx\">Obrazac 2. Izjava Nositelja projekta _V1.0_C_F<\/a><\/li>\n<li><a href=\"https:\/\/vela-vrata.hr\/2014-2020\/wordpress\/wp-content\/uploads\/2020\/08\/Obrazac-3.-izjava-o-velicini-poduzeca_M1.1.C_V.1.0_F.xlsx\">Obrazac 3. izjava o veli\u010dini poduze\u0107a_M1.1.C_V.1.0_F<\/a><\/li>\n<li><a href=\"https:\/\/vela-vrata.hr\/2014-2020\/wordpress\/wp-content\/uploads\/2020\/08\/Obrazac-4.-Izjava-o-nespostojanju-sukoba-interesa_M_1.1.C_V.1.0_F.docx\">Obrazac 4. Izjava o nespostojanju sukoba interesa_M_1.1.C_V.1.0_F<\/a><\/li>\n<li><a href=\"https:\/\/vela-vrata.hr\/2014-2020\/wordpress\/wp-content\/uploads\/2020\/08\/Obrazac-5.-Izjava-o-nepostojanju-vlasnicke-povezanosti_M_1.1.C_V.1.0_F.docx\">Obrazac 5. Izjava o nepostojanju vlasni\u010dke povezanosti_M_1.1.C_V.1.0_F<\/a><\/li>\n<li><a href=\"https:\/\/vela-vrata.hr\/2014-2020\/wordpress\/wp-content\/uploads\/2020\/08\/Obrazac-6.-Sazetak-izbora-ponuda_M_1.1.C_V.1.0_F.xlsx\">Obrazac 6. Sa\u017eetak izbora ponuda_M_1.1.C_V.1.0_F<\/a><\/li>\n<li><a href=\"https:\/\/vela-vrata.hr\/2014-2020\/wordpress\/wp-content\/uploads\/2020\/08\/Obrazac-7.-Zaposlenici_M1.1.C_v.1.0_F.xlsx\">Obrazac 7. Zaposlenici_M1.1.C_v.1.0_F<\/a><\/li>\n<li><a href=\"https:\/\/vela-vrata.hr\/2014-2020\/wordpress\/wp-content\/uploads\/2020\/08\/Obrazac-8.A-Izjava-vlasnika_M1.1.C_v.1.0_F-1.docx\">Obrazac 8.A-Izjava-vlasnika_M1.1.C_v.1.0_F<\/a><\/li>\n<li><a href=\"https:\/\/vela-vrata.hr\/2014-2020\/wordpress\/wp-content\/uploads\/2020\/08\/Obrazac-8.B-Izjava-vlasnika_M1.1.C_v.1.0_F-1.docx\">Obrazac 8.B-Izjava-vlasnika_M1.1.C_v.1.0_F<\/a><\/li>\n<li><a href=\"https:\/\/vela-vrata.hr\/2014-2020\/wordpress\/wp-content\/uploads\/2020\/08\/Obrazac-9.-Izvjesce-o-napretku_M1.1.C_v.1.0_F.docx\">Obrazac 9. Izvje\u0161\u0107e o napretku_M1.1.C_v.1.0_F<\/a><\/li>\n<li><a href=\"https:\/\/vela-vrata.hr\/2014-2020\/wordpress\/wp-content\/uploads\/2020\/08\/Obrazac-10.A-Zahtjev-za-isplatu_M_1.1.C_V.1.0_f.docx\">Obrazac 10.A Zahtjev za isplatu_M_1.1.C_V.1.0_f<\/a><\/li>\n<li><a href=\"https:\/\/vela-vrata.hr\/2014-2020\/wordpress\/wp-content\/uploads\/2020\/08\/Obrazac-10.B-Izjava-o-izdacima_V.1.0_C-2.xlsx\">Obrazac-10.B-Izjava-o-izdacima_V.1.0_C<\/a><\/li>\n<li><a href=\"https:\/\/euribarstvo.hr\/natjecaji\/novi-pravilnik-o-uvjetima-kriterijima-nacinu-odabira-financiranja-i-provedbe-lokalnih-razvojnih-strategija-u-ribarstvu-2019-godina\/\">Obrazac 11 \u2013 Zahtjev za odobrenje promjena u operacijama u okviru provedbe LRSR<\/a><\/li>\n<\/ul>\n","protected":false},"excerpt":{"rendered":"<p>Vrsta natje\u010daja:&nbsp;Bespovratna sredstva Predmet natje\u010daja:&nbsp;Mjera 1.1. C &#8211; Podr\u0161ka razvoju i osuvremenjivanju male ribarske infrastrukture i unapre\u0111enje uvjeta poslovanja Najni\u017ei iznos javne potpore po projektu:&nbsp;1.000,00 EUR odnosno 7.547,00 HRK Najvi\u0161i iznos javne potpore po projektu:&nbsp;20.000,00 EUR odnosno 150.940,00 HRK Intenzitet potpore:&nbsp;50% i 80% sukladno uvjetima natje\u010daja Prihvatljivi nositelji projekta:&nbsp;privatno poduze\u0107e (trgova\u010dko dru\u0161tvo) ili obrt u &hellip; <\/p>\n<p class=\"link-more\"><a href=\"https:\/\/vela-vrata.hr\/2014-2020\/mjera-1-1\/prvi-flag-natjecaj-za-mjeru-1-1-c-zatvoreno\/\" class=\"more-link\">Nastavi \u010ditati<span class=\"screen-reader-text\"> &#8220;PRVI FLAG NATJE\u010cAJ ZA MJERU 1.1.C &#8211; ZATVORENO&#8221;<\/span><\/a><\/p>\n","protected":false},"author":1,"featured_media":0,"parent":828,"menu_order":1,"comment_status":"closed","ping_status":"closed","template":"","meta":{"ngg_post_thumbnail":0,"footnotes":""},"_links":{"self":[{"href":"https:\/\/vela-vrata.hr\/2014-2020\/wp-json\/wp\/v2\/pages\/1017"}],"collection":[{"href":"https:\/\/vela-vrata.hr\/2014-2020\/wp-json\/wp\/v2\/pages"}],"about":[{"href":"https:\/\/vela-vrata.hr\/2014-2020\/wp-json\/wp\/v2\/types\/page"}],"author":[{"embeddable":true,"href":"https:\/\/vela-vrata.hr\/2014-2020\/wp-json\/wp\/v2\/users\/1"}],"replies":[{"embeddable":true,"href":"https:\/\/vela-vrata.hr\/2014-2020\/wp-json\/wp\/v2\/comments?post=1017"}],"version-history":[{"count":8,"href":"https:\/\/vela-vrata.hr\/2014-2020\/wp-json\/wp\/v2\/pages\/1017\/revisions"}],"predecessor-version":[{"id":1508,"href":"https:\/\/vela-vrata.hr\/2014-2020\/wp-json\/wp\/v2\/pages\/1017\/revisions\/1508"}],"up":[{"embeddable":true,"href":"https:\/\/vela-vrata.hr\/2014-2020\/wp-json\/wp\/v2\/pages\/828"}],"wp:attachment":[{"href":"https:\/\/vela-vrata.hr\/2014-2020\/wp-json\/wp\/v2\/media?parent=1017"}],"curies":[{"name":"wp","href":"https:\/\/api.w.org\/{rel}","templated":true}]}}