{"id":404,"date":"2018-12-15T19:51:07","date_gmt":"2018-12-15T19:51:07","guid":{"rendered":"http:\/\/vela-vrata.hr\/?page_id=404"},"modified":"2024-01-24T14:33:13","modified_gmt":"2024-01-24T14:33:13","slug":"lagur-vela-vrata-javna-nabava","status":"publish","type":"page","link":"https:\/\/vela-vrata.hr\/2014-2020\/lagur-vela-vrata-javna-nabava\/","title":{"rendered":"LAGUR VELA VRATA &#8211; JAVNA NABAVA"},"content":{"rendered":"\n<h2 class=\"has-medium-font-size wp-block-heading\"><a href=\"https:\/\/vela-vrata.hr\/2014-2020\/wordpress\/wp-content\/uploads\/2022\/12\/Plan-nabave-2022.pdf\">Plan nabave_2022.<\/a><\/h2>\n\n\n\n<h2 class=\"has-vivid-cyan-blue-color has-text-color has-medium-font-size wp-block-heading\"><a href=\"https:\/\/vela-vrata.hr\/2014-2020\/wp-content\/uploads\/2023\/09\/Plan-nabave-2023._3.-izmjena.pdf\" data-type=\"URL\" data-id=\"https:\/\/vela-vrata.hr\/2014-2020\/wp-content\/uploads\/2023\/09\/Plan-nabave-2023._3.-izmjena.pdf\">Plan nabave_2023.<\/a><\/h2>\n\n\n\n<p class=\"has-medium-font-size\"><strong><a href=\"https:\/\/vela-vrata.hr\/2014-2020\/wp-content\/uploads\/2024\/01\/2023_Registar-ugovora-o-nabavi.pdf\">Registar ugovora 2023.<\/a><\/strong><\/p>\n\n\n\n<p><\/p>\n\n\n\n<h2 class=\"wp-block-heading\">Popis gospodarskih subjekata s kojima lokalna akcijska grupa u ribarstvu \u201eVela vrata\u201c, kao javni naru\u010ditelj, ne smije sklapati ugovore o javnoj nabavi<\/h2>\n\n\n\n<p>1.) Grad Cres, Creskog statuta 15, 51557 Cres<br>2.) Grad Mali Lo\u0161inj, Riva Lo\u0161injskih kapetana 7, 51500 Mali Lo\u0161inj<br>3.) Grad Opatija, M. Tita 3, 51410 Opatija<br>4.) Op\u0107ina Lovran, \u0160etali\u0161te mar\u0161ala Tita 41, 51415 Lovran<br>5.) Op\u0107ina Mo\u0161\u0107eni\u010dka Draga, Trg slobode 7, 51417 Mo\u0161\u0107eni\u010dka Draga<br>6.) Obrt za ribarstvo &#8211; ribar Galovi\u0107 \u017deljko, Ljube Mrakov\u010di\u0107a 32, 51417 Mo\u0161\u0107eni\u010dka Draga<br>7.) Profesionalni ribar Alfred Sagani\u0107, Mihola\u0161\u0107ica, Mihola\u0161\u0107ica 1D, 51556 Cres<br>8.) MARETA zajedni\u010dki ugostiteljski obrt, suvl. Mario Sagani\u0107 i Alfred Sagani\u0107, Mihola\u0161\u0107ica, Mihola\u0161\u0107ica 1D<br>9.) SRK &#8220;RAK&#8221; MARTIN\u0160\u0106ICA, Martin\u0161\u0107ica, Martin\u0161\u0107ica 32, 51556 Cres<br>10.) PLAVI SVIJET &#8211; Institut za istra\u017eivanje i za\u0161titu mora, Ka\u0161tel 23, Veli Lo\u0161inj 51551<br>11.) OTRA d.o.o., Creskog statuta 15, 51557 Cres<br>12.) CRESCENDO, obrt za savjetovanje i druge usluge, vl. Ugo Toi\u0107, Cres, Trg Frane Petri\u0107a 4<br>13.) E i Re obrt za ribarstvo i usluge,vl. Renata Dori\u010di\u0107, Brse\u010d, Brse\u010d 11, 51417 M. Draga<br>14.) Morski ribolov, Valter Cergolj, Stari grad 26, 51415 Lovran<br>15.) ORADA ADRIATIC d.o.o., Turion 22, 51557 Cres<br>16.) EKOMUZEJ Mo\u0161\u0107eni\u010dka Draga, Trg slobode 7, 51417 Mo\u0161\u0107eni\u010dka Draga<br>17.) \u0160koji\u0107, obrt za ribarstvo i prijevoz morem,vl. \u0110ildo Damijanjevi\u0107, Melin V 25, 51557 Cres<br>18.) JK &#8220;Reful&#8221; Cres, \u0160etali\u0161te 20.travnja 1, 51557 Cres<br>19.) Ruta &#8211; grupa za kvalitetniji \u017eivot na otoku Cresu, Drevenik 28, Cres<br>20.) RUTA-WOOL &amp; DESIGN obrt za dizajn edukaciju i usluge vl. Vesna Jaki\u0107, Cres, Bernardino Rizzi 2<br>21.) \u0160portsko ribolovno dru\u0161tvo &#8220;Parangal&#8221; Cres, \u0160etali\u0161ta XX.Travnja 1, Cres<br>22.) Klub pomoraca Lo\u0161inj, Bo\u010dac 2, 51550 Mali Lo\u0161inj<br>23.) Profesionalni ribar Tomislav Soldo, Donja Bri\u0107ina 1, 51550 Mali Lo\u0161inj<br>24.) Taxi boat Ema, obrt za prijevoz putnika, vl. Tomislav Dijan, \u0160kolarovo 10A, 51415 Lovran<br>25.) DANUNCIO obrt za ribarstvo,vl. Vjekoslav Galovi\u0107, Selce 102B, 51417 Mo\u0161\u0107eni\u010dka Draga<br>26.) J &amp; J, OBRT ZA USLUGE, vl. JO\u0160KO GALOVI\u0106, MO\u0160\u0106ENI\u010cKA DRAGA, LJUBE MRAKOV\u010cI\u0106A 32<br>27.) Babalina, obrt za usluge, vl. Jure Mio\u010di\u0107-Sto\u0161i\u0107, Rijeka, Partizanski put 14A<br>28.) SELKIE uslu\u017eni obrt, vl. Sonja Jaki\u0107, Cres, Drevenik 28<\/p>\n\n\n\n<p><a href=\"https:\/\/vela-vrata.hr\/2014-2020\/lagur-vela-vrata-dokumenti\/pravilnik-o-provedbi-jednostavne-nabave-03-2018\/\"><strong><mark style=\"background-color:#ffffff\" class=\"has-inline-color has-vivid-cyan-blue-color\">Pravilnik o provedbi postupka jednostavne nabave<\/mark><\/strong><\/a><\/p>\n","protected":false},"excerpt":{"rendered":"<p>Plan nabave_2022. Plan nabave_2023. Registar ugovora 2023. Popis gospodarskih subjekata s kojima lokalna akcijska grupa u ribarstvu \u201eVela vrata\u201c, kao javni naru\u010ditelj, ne smije sklapati ugovore o javnoj nabavi 1.) Grad Cres, Creskog statuta 15, 51557 Cres2.) Grad Mali Lo\u0161inj, Riva Lo\u0161injskih kapetana 7, 51500 Mali Lo\u0161inj3.) Grad Opatija, M. Tita 3, 51410 Opatija4.) Op\u0107ina &hellip; <\/p>\n<p class=\"link-more\"><a href=\"https:\/\/vela-vrata.hr\/2014-2020\/lagur-vela-vrata-javna-nabava\/\" class=\"more-link\">Nastavi \u010ditati<span class=\"screen-reader-text\"> &#8220;LAGUR VELA VRATA &#8211; JAVNA NABAVA&#8221;<\/span><\/a><\/p>\n","protected":false},"author":1,"featured_media":0,"parent":0,"menu_order":0,"comment_status":"closed","ping_status":"closed","template":"","meta":{"ngg_post_thumbnail":0,"footnotes":""},"_links":{"self":[{"href":"https:\/\/vela-vrata.hr\/2014-2020\/wp-json\/wp\/v2\/pages\/404"}],"collection":[{"href":"https:\/\/vela-vrata.hr\/2014-2020\/wp-json\/wp\/v2\/pages"}],"about":[{"href":"https:\/\/vela-vrata.hr\/2014-2020\/wp-json\/wp\/v2\/types\/page"}],"author":[{"embeddable":true,"href":"https:\/\/vela-vrata.hr\/2014-2020\/wp-json\/wp\/v2\/users\/1"}],"replies":[{"embeddable":true,"href":"https:\/\/vela-vrata.hr\/2014-2020\/wp-json\/wp\/v2\/comments?post=404"}],"version-history":[{"count":27,"href":"https:\/\/vela-vrata.hr\/2014-2020\/wp-json\/wp\/v2\/pages\/404\/revisions"}],"predecessor-version":[{"id":1522,"href":"https:\/\/vela-vrata.hr\/2014-2020\/wp-json\/wp\/v2\/pages\/404\/revisions\/1522"}],"wp:attachment":[{"href":"https:\/\/vela-vrata.hr\/2014-2020\/wp-json\/wp\/v2\/media?parent=404"}],"curies":[{"name":"wp","href":"https:\/\/api.w.org\/{rel}","templated":true}]}}