{"id":49,"date":"2017-05-22T10:46:05","date_gmt":"2017-05-22T10:46:05","guid":{"rendered":"http:\/\/vela-vrata.hr\/?page_id=49"},"modified":"2017-05-23T17:17:50","modified_gmt":"2017-05-23T17:17:50","slug":"flag-vela-vrata-clld","status":"publish","type":"page","link":"https:\/\/vela-vrata.hr\/2014-2020\/flag-vela-vrata-clld\/","title":{"rendered":"FLAG Vela Vrata &#8211; CLLD"},"content":{"rendered":"<p>Lokalni razvoj vo\u0111en zajednicom (CLLD-eng. Community-led Local Development) zapo\u010dinje vizijom gdje bi lokalni dionici \u017eeljeli biti u budnu\u0107nosti i \u0161to misle da bi se trebalo promijeniti da tamo stignu, pa se odgovaranje na lokalne potrebe postavlja na prvo mjesto. Na financiranje se gleda kao na sredstvo za postizanje \u017eeljenog cilja, a ne kao u dosada\u0161njim konvencionalnim pristupima gdje je lokalni razvoj bio vo\u0111en financiranjem. CLLD metodologija se temelji na pristupu \u201codozdo prema gore\u201d (\u201cbottom-up\u201d) koji zajednica upu\u0107uje zahtjeve i potrebe spram vlasti i politika.<\/p>\n<h2>Cilj CLLD-a je pove\u0107anje zaposlenosti i teritorijalne kohezije putem:<\/h2>\n<ul>\n<li>promicanja gospodarskog rasta i dru\u0161tvene uklju\u010denosti<\/li>\n<li>stvaranja radnih mjesta<\/li>\n<li>pru\u017eanja podr\u0161ke upo\u0161ljivosti i mobilnosti radne snage u lokalnim zajednicama koje ovise o ribolovu i akvakulturi<\/li>\n<li>diversifikaciranje aktivnosti u ribarstvu te prema ostalim sektorima pomorskog gospodarstva<\/li>\n<\/ul>\n<p><img decoding=\"async\" src=\"\/wordpress\/wp-content\/uploads\/2017\/05\/lagur-vela-vrata-clld.jpg\" title=\"FLAG Vela Vrata - CLLD\" alt=\"FLAG Vela Vrata - CLLD\"><\/p>\n","protected":false},"excerpt":{"rendered":"<p>Lokalni razvoj vo\u0111en zajednicom (CLLD-eng. Community-led Local Development) zapo\u010dinje vizijom gdje bi lokalni dionici \u017eeljeli biti u budnu\u0107nosti i \u0161to misle da bi se trebalo promijeniti da tamo stignu, pa se odgovaranje na lokalne potrebe postavlja na prvo mjesto. Na financiranje se gleda kao na sredstvo za postizanje \u017eeljenog cilja, a ne kao u dosada\u0161njim &hellip; <\/p>\n<p class=\"link-more\"><a href=\"https:\/\/vela-vrata.hr\/2014-2020\/flag-vela-vrata-clld\/\" class=\"more-link\">Nastavi \u010ditati<span class=\"screen-reader-text\"> &#8220;FLAG Vela Vrata &#8211; CLLD&#8221;<\/span><\/a><\/p>\n","protected":false},"author":1,"featured_media":0,"parent":0,"menu_order":0,"comment_status":"closed","ping_status":"closed","template":"","meta":{"ngg_post_thumbnail":0,"footnotes":""},"_links":{"self":[{"href":"https:\/\/vela-vrata.hr\/2014-2020\/wp-json\/wp\/v2\/pages\/49"}],"collection":[{"href":"https:\/\/vela-vrata.hr\/2014-2020\/wp-json\/wp\/v2\/pages"}],"about":[{"href":"https:\/\/vela-vrata.hr\/2014-2020\/wp-json\/wp\/v2\/types\/page"}],"author":[{"embeddable":true,"href":"https:\/\/vela-vrata.hr\/2014-2020\/wp-json\/wp\/v2\/users\/1"}],"replies":[{"embeddable":true,"href":"https:\/\/vela-vrata.hr\/2014-2020\/wp-json\/wp\/v2\/comments?post=49"}],"version-history":[{"count":3,"href":"https:\/\/vela-vrata.hr\/2014-2020\/wp-json\/wp\/v2\/pages\/49\/revisions"}],"predecessor-version":[{"id":132,"href":"https:\/\/vela-vrata.hr\/2014-2020\/wp-json\/wp\/v2\/pages\/49\/revisions\/132"}],"wp:attachment":[{"href":"https:\/\/vela-vrata.hr\/2014-2020\/wp-json\/wp\/v2\/media?parent=49"}],"curies":[{"name":"wp","href":"https:\/\/api.w.org\/{rel}","templated":true}]}}