{"id":51,"date":"2017-05-22T10:46:31","date_gmt":"2017-05-22T10:46:31","guid":{"rendered":"http:\/\/vela-vrata.hr\/?page_id=51"},"modified":"2022-12-28T11:59:18","modified_gmt":"2022-12-28T11:59:18","slug":"flag-vela-vrata-strategija","status":"publish","type":"page","link":"https:\/\/vela-vrata.hr\/2014-2020\/flag-vela-vrata-strategija\/","title":{"rendered":"FLAG VELA VRATA &#8211; Strategija"},"content":{"rendered":"<p>Lokalne strategije trebaju proizlaziti iz lokalnih potreba, a LAGUR mora razviti oblike koordinacije koja najvi\u0161e odgovaraju okolnostima i ciljevima tih strategija, nadilaze\u0107i tako ranije povijesti suradnje i\/ili sukoba i raznolike institucionalne kulture unutar lokalne zajednice.<\/p>\n<p><b>Lokalna razvojna strategija u ribarstvu (LRSR)<\/b> je vrlo operativan dokument koji jasno definira akcijski i financijski plan tro\u0161enje alociranih sredstava sukladno identificiranim potrebama na terenu, pa je tako i instrument za provedbu nu\u017enih procesa decentralizacije u postupku davanja participativnih prava lokalnoj zajednici. LRSR je po svojoj prirodi najvjerodostojniji prikaz presjeka stanja ribarstva i marikulture na jednom to\u010dno odre\u0111enom ribarstvenom podru\u010dju.<\/p>\n<p>Pomo\u0107u strategije mapiramo ljudske, logisti\u010dke i financijske kapacitete kojima raspola\u017ee ribarstveno podru\u010dje i na taj na\u010din sama lokalna zajednica, po principu \u201eodozdo prema gore\u201c, odlu\u010duje koje su mjere potrebne za o\u010duvanje postoje\u0107ih aktivnosti, stvaranje dodatne vrijednosti (prerada, usluge), iznjedriti \u0107e inovativne pristupe i osmisliti nove aktivnosti koje su financijski i okoli\u0161no odr\u017eive. Na taj na\u010din sa\u010duvat \u0107e se postoje\u0107a radna mjesta i otvoriti nova kroz diverzifikaciju djelatnosti, razvoj novih proizvoda, me\u0111usektorsku povezanost ribarstva i akvakulture s restoranima, ribarnicama, trgovcima, direktnim kupcima, turisti\u010dkim operaterima, jedinicama lokalne samouprave i njihovim ustanovama u sprezi s pri\u010dom o kulturnoj nematerijalnoj i materijalnoj ba\u0161tini. Sve te aktivnosti usmjerene su ka stvaranju lanca direktne prodaje koji \u0107e skratiti vrijeme kojem proizvodima ribarstva i marikulture treba \u201eod mora do stola\u201c kako bi proizvodi i prihodi ostali na lokalnoj razini.<\/p>\n<p>&nbsp;<\/p>\n<p><a href=\"https:\/\/vela-vrata.hr\/2014-2020\/wordpress\/wp-content\/uploads\/2017\/05\/LRSR-LAGUR-Vela-Vrata-DOPUNA-17.08.2017..pdf\">LRSR LAGUR Vela Vrata v.1<\/a>&nbsp;&#8211; <strong>nije va\u017ee\u0107a<\/strong><\/p>\n<p><a href=\"https:\/\/vela-vrata.hr\/2014-2020\/wordpress\/wp-content\/uploads\/2019\/09\/LRSR-FLAG-Vela-vrata_V2_I1_F.pdf\">LRSR LAGUR Vela vrata v.2 kolovoz 2019<\/a><strong><a href=\"https:\/\/vela-vrata.hr\/2014-2020\/wordpress\/wp-content\/uploads\/2019\/09\/LRSR-FLAG-Vela-vrata_V2_I1_F.pdf\">.<\/a>&nbsp;&#8211; nije va\u017ee\u0107a<\/strong><\/p>\n<p><a href=\"https:\/\/vela-vrata.hr\/2014-2020\/wordpress\/wp-content\/uploads\/2020\/08\/Vela-vrata-LRSR-v.3_06_2020.pdf\">&nbsp;LRSR Vela vrata v.3_06_2020<\/a> &#8211; <strong>nije<\/strong> <strong>va\u017ee\u0107a<\/strong><\/p>\n<p>VA\u017dE\u0106A LRSR nosi oznaku v.4.<\/p>\n<p><a href=\"https:\/\/vela-vrata.hr\/2014-2020\/wordpress\/wp-content\/uploads\/2022\/12\/LRSR-FLAG-Vela-vrata_V4_F.pdf\">LRSR FLAG Vela vrata_V4_prosinac 2022<\/a><\/p>\n<p>&nbsp;<\/p>\n\n\n<p><\/p>\n","protected":false},"excerpt":{"rendered":"<p>Lokalne strategije trebaju proizlaziti iz lokalnih potreba, a LAGUR mora razviti oblike koordinacije koja najvi\u0161e odgovaraju okolnostima i ciljevima tih strategija, nadilaze\u0107i tako ranije povijesti suradnje i\/ili sukoba i raznolike institucionalne kulture unutar lokalne zajednice. Lokalna razvojna strategija u ribarstvu (LRSR) je vrlo operativan dokument koji jasno definira akcijski i financijski plan tro\u0161enje alociranih sredstava &hellip; <\/p>\n<p class=\"link-more\"><a href=\"https:\/\/vela-vrata.hr\/2014-2020\/flag-vela-vrata-strategija\/\" class=\"more-link\">Nastavi \u010ditati<span class=\"screen-reader-text\"> &#8220;FLAG VELA VRATA &#8211; Strategija&#8221;<\/span><\/a><\/p>\n","protected":false},"author":1,"featured_media":0,"parent":0,"menu_order":0,"comment_status":"closed","ping_status":"closed","template":"","meta":{"ngg_post_thumbnail":0,"footnotes":""},"_links":{"self":[{"href":"https:\/\/vela-vrata.hr\/2014-2020\/wp-json\/wp\/v2\/pages\/51"}],"collection":[{"href":"https:\/\/vela-vrata.hr\/2014-2020\/wp-json\/wp\/v2\/pages"}],"about":[{"href":"https:\/\/vela-vrata.hr\/2014-2020\/wp-json\/wp\/v2\/types\/page"}],"author":[{"embeddable":true,"href":"https:\/\/vela-vrata.hr\/2014-2020\/wp-json\/wp\/v2\/users\/1"}],"replies":[{"embeddable":true,"href":"https:\/\/vela-vrata.hr\/2014-2020\/wp-json\/wp\/v2\/comments?post=51"}],"version-history":[{"count":10,"href":"https:\/\/vela-vrata.hr\/2014-2020\/wp-json\/wp\/v2\/pages\/51\/revisions"}],"predecessor-version":[{"id":1211,"href":"https:\/\/vela-vrata.hr\/2014-2020\/wp-json\/wp\/v2\/pages\/51\/revisions\/1211"}],"wp:attachment":[{"href":"https:\/\/vela-vrata.hr\/2014-2020\/wp-json\/wp\/v2\/media?parent=51"}],"curies":[{"name":"wp","href":"https:\/\/api.w.org\/{rel}","templated":true}]}}