{"id":53,"date":"2017-05-22T10:47:16","date_gmt":"2017-05-22T10:47:16","guid":{"rendered":"http:\/\/vela-vrata.hr\/?page_id=53"},"modified":"2022-08-30T07:44:45","modified_gmt":"2022-08-30T07:44:45","slug":"flag-vela-vrata-clanovi","status":"publish","type":"page","link":"https:\/\/vela-vrata.hr\/2014-2020\/flag-vela-vrata-clanovi\/","title":{"rendered":"FLAG Vela Vrata &#8211; \u010clanovi"},"content":{"rendered":"<h2>&nbsp;<\/h2>\n<div class=\"page-two-column\">\n<p><b>Javni sektor:<\/b><\/p>\n<ul>\n<li>Op\u0107ina Mo\u0161\u0107eni\u010dka Draga<\/li>\n<li>Op\u0107ina Lovran<\/li>\n<li>Grad Cres<\/li>\n<li>Grad Mali Lo\u0161inj<\/li>\n<li>Grad Opatija<\/li>\n<li>Otra d.o.o.<\/li>\n<\/ul>\n<\/div>\n<div class=\"page-two-column\">\n<p><b>Gospodarski sektor:<\/b><\/p>\n<ul>\n<li>Obrt za ribarstvo &#8211; ribar Galovi\u0107 \u017deljko<\/li>\n<li>Profesionalni ribar Alfred Sagani\u0107<\/li>\n<li>Morski ribolov, Valter Cergolj<\/li>\n<li>E i Re, obrt za ribarstvo i usluge<\/li>\n<li>Orada Adriatic d.o.o.<\/li>\n<li>\u0160koji\u0107 \u2013 obrt za ribarstvo i prijevoz morem<\/li>\n<li>Profesionalni ribar Tomislav Soldo<\/li>\n<li>Taxi boat Ema<\/li>\n<li>Danuncio, obrt za ribarstvo<\/li>\n<\/ul>\n<\/div>\n<div class=\"page-two-column\">\n<p><b>Civilni sektor:<\/b><\/p>\n<ul>\n<li>Plavi svijet \u2013 Institut za istra\u017eivanje i za\u0161titu mora<\/li>\n<li>JK \u201cReful\u201d iz Cresa<\/li>\n<li>Ekomuzej Mo\u0161\u0107eni\u010dka Draga<\/li>\n<li>SRK \u201cRak\u201d Martin\u0161\u0107ica<\/li>\n<li>Udruga Ruta&nbsp;<\/li>\n<li>Sportsko ribolovno dru\u0161tvo Parangal&nbsp;<\/li>\n<li>Klub pomoraca Lo\u0161inj<\/li>\n<\/ul>\n<\/div>\n<div class=\"page-two-column\">&nbsp;<\/div>\n<h3 class=\"clearfix\"><em><strong><span style=\"color: #00ccff;\">&nbsp;UPRAVNI ODBOR:<\/span><\/strong><\/em><\/h3>\n<p><span style=\"color: #000000;\">1. Grad Cres&nbsp; <\/span><\/p>\n<p><span style=\"color: #000000;\">2. Grad Mali Lo\u0161inj <\/span><\/p>\n<p><span style=\"color: #000000;\">3. Op\u0107ina Lovran <\/span><\/p>\n<p><span style=\"color: #000000;\">4. \u0160koji\u0107 &#8211; obrt za ribarstvo i prijevoz morem<\/span><\/p>\n<p><span style=\"color: #000000;\">5. Orada Adriatic d.o.o. <\/span><\/p>\n<p><span style=\"color: #000000;\">6.&nbsp; Morski ribolov, Valter Cergolj <\/span><\/p>\n<p><span style=\"color: #000000;\">7. E i Re, obrt za ribarstvo i usluge<\/span><\/p>\n<p><span style=\"color: #000000;\">8. Plavi svijet &#8211; Institut za istra\u017eivanje i za\u0161titu mora <\/span><\/p>\n<p><span style=\"color: #000000;\">9. Ekomuzej Mo\u0161\u0107eni\u010dka Draga<\/span><\/p>\n<p>&nbsp;<\/p>\n<p><img decoding=\"async\" title=\"FLAG Vela Vrata - \u010clanovi\" src=\"\/wordpress\/wp-content\/uploads\/2017\/05\/lagur-vela-vrata-clanovi.jpg\" alt=\"FLAG Vela Vrata - \u010clanovi\"><\/p>\n","protected":false},"excerpt":{"rendered":"<p>&nbsp; Javni sektor: Op\u0107ina Mo\u0161\u0107eni\u010dka Draga Op\u0107ina Lovran Grad Cres Grad Mali Lo\u0161inj Grad Opatija Otra d.o.o. Gospodarski sektor: Obrt za ribarstvo &#8211; ribar Galovi\u0107 \u017deljko Profesionalni ribar Alfred Sagani\u0107 Morski ribolov, Valter Cergolj E i Re, obrt za ribarstvo i usluge Orada Adriatic d.o.o. \u0160koji\u0107 \u2013 obrt za ribarstvo i prijevoz morem Profesionalni ribar &hellip; <\/p>\n<p class=\"link-more\"><a href=\"https:\/\/vela-vrata.hr\/2014-2020\/flag-vela-vrata-clanovi\/\" class=\"more-link\">Nastavi \u010ditati<span class=\"screen-reader-text\"> &#8220;FLAG Vela Vrata &#8211; \u010clanovi&#8221;<\/span><\/a><\/p>\n","protected":false},"author":1,"featured_media":0,"parent":0,"menu_order":0,"comment_status":"closed","ping_status":"closed","template":"","meta":{"ngg_post_thumbnail":0,"footnotes":""},"_links":{"self":[{"href":"https:\/\/vela-vrata.hr\/2014-2020\/wp-json\/wp\/v2\/pages\/53"}],"collection":[{"href":"https:\/\/vela-vrata.hr\/2014-2020\/wp-json\/wp\/v2\/pages"}],"about":[{"href":"https:\/\/vela-vrata.hr\/2014-2020\/wp-json\/wp\/v2\/types\/page"}],"author":[{"embeddable":true,"href":"https:\/\/vela-vrata.hr\/2014-2020\/wp-json\/wp\/v2\/users\/1"}],"replies":[{"embeddable":true,"href":"https:\/\/vela-vrata.hr\/2014-2020\/wp-json\/wp\/v2\/comments?post=53"}],"version-history":[{"count":10,"href":"https:\/\/vela-vrata.hr\/2014-2020\/wp-json\/wp\/v2\/pages\/53\/revisions"}],"predecessor-version":[{"id":1162,"href":"https:\/\/vela-vrata.hr\/2014-2020\/wp-json\/wp\/v2\/pages\/53\/revisions\/1162"}],"wp:attachment":[{"href":"https:\/\/vela-vrata.hr\/2014-2020\/wp-json\/wp\/v2\/media?parent=53"}],"curies":[{"name":"wp","href":"https:\/\/api.w.org\/{rel}","templated":true}]}}