{"id":767,"date":"2020-06-29T13:35:02","date_gmt":"2020-06-29T13:35:02","guid":{"rendered":"http:\/\/vela-vrata.hr\/?page_id=767"},"modified":"2023-06-20T07:40:48","modified_gmt":"2023-06-20T07:40:48","slug":"flag-natjecaj-za-mjeru-2-1","status":"publish","type":"page","link":"https:\/\/vela-vrata.hr\/2014-2020\/flag-natjecaj-za-mjeru-2-1\/","title":{"rendered":"FLAG natje\u010daj za Mjeru 2.1."},"content":{"rendered":"<h1><strong><u>FLAG Natje\u010daj za Mjeru 2.1. O\u010duvanje okoli\u0161a i poticanje na odr\u017eivo upravljanje prirodnim resursima <\/u><\/strong><\/h1>\n<p>Predmet i svrha FLAG natje\u010daja je dodjela javne potpore za provedbu Mjere 2.1. u okviru odobrene LRSR s&nbsp;<strong>ciljem<\/strong>&nbsp;<strong>promicanje za\u0161tite i odr\u017eivog upravljanja prirodnom resursnom osnovnom i valorizacija kulturne, pomorske i ribarske ba\u0161tine i povezanih tradicijskih znanja.<\/strong><\/p>\n<h1 class=\"title mar-topx1 mar-botx2\" style=\"text-align: center;\">&#8211; ZATVORENO &#8211;<\/h1>\n<p>Osnovni podaci o natje\u010daju:<\/p>\n<div class=\"title mar-topx1 mar-botx2\">&nbsp;<\/div>\n<p style=\"text-align: center;\"><strong>Vrsta natje\u010daja:<\/strong>&nbsp;Bespovratna sredstva<\/p>\n<p style=\"text-align: center;\"><strong>Datum&nbsp;otvaranja natje\u010daja:<\/strong>&nbsp;29.06.2020.<\/p>\n<p style=\"text-align: center;\"><strong>Prijave: <\/strong>od 13.07.2020. do zaklju\u010dno s&nbsp;13.10.2020.<\/p>\n<p style=\"text-align: center;\"><strong>Iznos sredstava:<\/strong>&nbsp;1.282.990,00&nbsp; HRK<\/p>\n<p style=\"text-align: center;\"><strong>Krajnji rok za podno\u0161enje zahtjeva za isplatu:<\/strong> 31.12.2022.&nbsp;<\/p>\n<p><strong>NAPOMENA<\/strong>: 29.12.2022. Odlukom Upravnog odbora, mijenja se krajnji rok za podno\u0161enje Zahtjeva za isplatu. Novi rok definiran je s datumom <strong>31.03.2023.<\/strong><\/p>\n<p>Rok za podno\u0161enje prijava po\u010dinje te\u0107i od&nbsp;<strong>13.07.2020<\/strong>. godine i traje do&nbsp;<strong>13.10.2020<\/strong>.<\/p>\n<ul>\n<li><strong>Ukupan iznos<\/strong>&nbsp;raspolo\u017eivih sredstava javne potpore za sufinanciranje Mjere 2.1 na ovom FLAG natje\u010daju iznosi&nbsp;<strong>170.000,00 EUR<\/strong>&nbsp;u kunskoj protuvrijednosti od <strong>1.282.990,00&nbsp;<\/strong>HRK<\/li>\n<li><strong>Najni\u017ei iznos javne potpore po projektu<\/strong>: <strong>1.500,00 EUR<\/strong> odnosno <strong>11.320,50 <\/strong>HRK<\/li>\n<li><strong>Najvi\u0161i iznos javne potpore po projektu:<\/strong>&nbsp;<strong>40.000,00 EUR <\/strong>odnosno<strong> 301.880,00<\/strong> HRK<\/li>\n<\/ul>\n<p>Intenzitet potpore iznosi&nbsp;<strong>100%<\/strong>&nbsp;ukupno prihvatljivih tro\u0161kova u okviru Mjere 2.1.&nbsp;u slu\u010daju da projekt odnosno operacija zadovoljava kriterije: zajedni\u010dkog korisnika, zajedni\u010dkog interesa i inovativnih zna\u010dajki, sukladno Pravilniku o provedbi LRSR, \u010clanak 8. stavak 3.<\/p>\n<p><strong>NAPOMENA 02.07.2020.<\/strong> &#8211; u najavi natje\u010daja gre\u0161kom su izostavljeni gospodarski subjekti iz sektora ribarstva i gospodarski subjekti izvan sektora ribarstva te je najava ispravljena i sad glasi:<\/p>\n<p><strong>Prihvatljivi nositelji projekta:&nbsp;<\/strong>Udruga u ribarstvu, udruga izvan sektora ribarstva, javnopravno tijelo, poduze\u0107e\/trgova\u010dko dru\u0161tvo ili organizacija u ve\u0107inskom javnom vlasni\u0161tvu, a koje nije javnopravno tijelo, ustanove u ve\u0107inskom privatnom vlasni\u0161tvu,&nbsp;gospodarski subjekti iz sektora ribarstva i gospodarski subjekti izvan sektora ribarstva.<\/p>\n<p>Nositelj projekta mora imati stalno sjedi\u0161te ili biti registriran ili imati podru\u017enicu unutar ribarstvenog podru\u010dja FLAG-a Vela vrata<\/p>\n<p><strong>Prihvatljive aktivnosti (operacije) u okviru ovog FLAG natje\u010daja su:<\/strong><\/p>\n<p>1. Gra\u0111enje (izgradnja i\/ili rekonstrukcija) i\/ili opremanje objekata i\/ili prostora sustavima za edukaciju\/interpretaciju visoko vrijedne prirodne ba\u0161tine (uz obalu i pod morem) te sustavima\/opremom za odlaganje otpada iz\/s mora i priobalja, s naglaskom na odr\u017eiva rje\u0161enja odlaganja otpada na pla\u017eama ;<\/p>\n<p>2. Aktivnosti \u010di\u0161\u0107enja mora i priobalja na podru\u010dju FLAG-a;<\/p>\n<p>3. Edukativno-informativne i promotivne aktivnosti o biolo\u0161koj raznolikosti mora i priobalja i o\u010duvanje vrijednog prirodnog okoli\u0161a kao klju\u010dne razvojne resursne osnove;<\/p>\n<p>4. Aktivnosti recikliranja otpada i stvaranja inovativnih proizvoda iz otpada prikupljenog iz\/sa mora i priobalja;<\/p>\n<p>5. Aktivnosti istra\u017eivanja podmorja te ispitivanja i pra\u0107enja kakvo\u0107e mora u svrhu izrade znanstveno-stru\u010dnih studija ili publikacija za potporu odr\u017eivom razvoju ribarstva i akvakulture na podru\u010dju FLAG-a;<\/p>\n<p>6. Uvo\u0111enje inovativnih rje\u0161enja za za\u0161titu okoli\u0161a i o\u010duvanje biolo\u0161ke raznolikosti<\/p>\n<p>7. Promid\u017ebene aktivnosti<\/p>\n<table width=\"668\">\n<tbody>\n<tr>\n<td width=\"668\"><strong><em>Napomena: <\/em><\/strong>&nbsp;&nbsp;&nbsp;&nbsp;&nbsp;\n<p>&nbsp;<\/p>\n<p>&nbsp;<\/p>\n<p>&nbsp;<\/p>\n<p>Popis aktivnosti nije kona\u010dan, ve\u0107 samo indikativan, sukladno odobrenoj LRSR.<\/p>\n<p>U obzir za financiranje uzeti &nbsp;\u0107e se i druge odgovaraju\u0107e aktivnosti koje doprinose o\u010duvanju okoli\u0161a i poticanje na odr\u017eivo upravljanje prirodnim resursima.<\/p>\n<\/td>\n<\/tr>\n<tr>\n<td width=\"668\"><strong><em>Napomena: <\/em><\/strong>&nbsp;&nbsp;&nbsp;&nbsp;&nbsp;\n<p>&nbsp;<\/p>\n<p>&nbsp;<\/p>\n<p>&nbsp;<\/p>\n<p>Projekt nije prihvatljiv ako se odnosi samo i isklju\u010divo na promid\u017ebene\/marketin\u0161ke aktivnosti i\/ili studijska putovanja i\/ili razmjenu iskustava i dobre prakse.<\/p>\n<\/td>\n<\/tr>\n<\/tbody>\n<\/table>\n<p>Informacije o FLAG natje\u010daju mo\u017eete zatra\u017eiti:<\/p>\n<ul>\n<li><strong>e-mailom:<\/strong>&nbsp;natjecaji.velavrata@gmail.com<\/li>\n<\/ul>\n<ul>\n<li><strong>Osobno uz obveznu prethodnu najavu<\/strong>: svaki radni dan u sjedi\u0161tu LAGUR-a Vela vrata u Cresu, na adresi Pod urom 6, od 09:30 do 14:00<\/li>\n<\/ul>\n<p><strong>Najava na: 091\/620-77-68<\/strong><\/p>\n<ul>\n<li>Odgovori na pitanja biti \u0107e objavljeni na web stranici www.<a href=\"http:\/\/www.vela-vrata.hr\/\">vela-vrata.hr<\/a><\/li>\n<\/ul>\n<p>Natje\u010dajnu dokumentaciju mo\u017eete prona\u0107i na sljede\u0107im poveznicama:<\/p>\n<p>Natje\u010dajna dokumentacija:<\/p>\n<p><strong>1.&nbsp;FLAG natjecaj_FLAG VV_M 2.1._V1.0_F&nbsp; &#8211; 29.06.2020.<\/strong><\/p>\n<p>Odlukom Upravnog odbora, 29.12.2022. objavljuju se prve izmjene FLAG Natje\u010daja M 2.1. v.1.0. koji sad nosi oznaku v.1.1.<\/p>\n<ul>\n<li><a href=\"https:\/\/vela-vrata.hr\/2014-2020\/wordpress\/wp-content\/uploads\/2022\/12\/03-2022-20_Odluka-izmjena-2.1..pdf\">Odluka Upravnog odbora o izmjeni FLAG Natje\u010daja &#8211; <\/a>29.12.2022.<\/li>\n<li><a href=\"https:\/\/vela-vrata.hr\/2014-2020\/wp-content\/uploads\/2022\/12\/FLAG-natjecaj_FLAG-VV_M-2.1._V1.1_F.pdf\">Tekst FLAG Natje\u010daja M 2.1. v.1.1 <\/a>&#8211; 29.12.2022.<\/li>\n<\/ul>\n<p><strong>2. PRILOZI SPECIFI\u010cNI ZA MJERU 2.1.<\/strong><\/p>\n<ul>\n<li><a href=\"https:\/\/vela-vrata.hr\/2014-2020\/wordpress\/wp-content\/uploads\/2020\/06\/PRILOG-I_Popis-dokumentacije-za-podnosenje-ZZP_V1.0.pdf\">PRILOG I_Popis dokumentacije za podnosenje ZZP_V1.0<\/a><\/li>\n<li><a href=\"https:\/\/vela-vrata.hr\/2014-2020\/wordpress\/wp-content\/uploads\/2020\/06\/PRILOG-II_Popis-dokumentacije-za-podnosenje-ZZI_V1.0.pdf\">PRILOG II_Popis dokumentacije za podnosenje ZZI_V1.0<\/a><\/li>\n<li><a href=\"https:\/\/vela-vrata.hr\/2014-2020\/wordpress\/wp-content\/uploads\/2020\/06\/PRILOG-III-LPT-Pravila-i-upute-za-izracun-troskova_M-2.1._V1.0.pdf\">PRILOG III LPT-Pravila i upute za izracun troskova_M 2.1._V1.0<\/a><\/li>\n<\/ul>\n<p><strong style=\"font-size: 1rem;\"><em>3.&nbsp; PRILOZI ZA SVE FLAG NATJE\u010cAJE<\/em><\/strong><\/p>\n<ul>\n<li><a href=\"https:\/\/euribarstvo.hr\/files\/Pravila-i-upute-za-provedbu-nabave_nositelj-projekta.pdf\">PRILOG IV Pravila i upute za provedbu nabave&nbsp;<\/a><\/li>\n<li><a href=\"https:\/\/euribarstvo.hr\/propisi-smjernice\/\">PRILOG V Pravila za provedbu mjera informiranja i promid\u017ebu<\/a><\/li>\n<li><a href=\"https:\/\/vela-vrata.hr\/2014-2020\/wordpress\/wp-content\/uploads\/2020\/06\/PDF_LRSR_v.3_06-20_F.pdf\" target=\"_blank\" rel=\"noopener noreferrer\">PRILOG VI Lokalna razvojna strategija u ribarstvu v.3 06-20<\/a><\/li>\n<li><a href=\"https:\/\/narodne-novine.nn.hr\/clanci\/sluzbeni\/2019_03_27_556.html\">PRILOG VII Pravilnik o provedbi LRSR<\/a><\/li>\n<li><a href=\"https:\/\/vela-vrata.hr\/2014-2020\/wordpress\/wp-content\/uploads\/2019\/09\/Pravilnik-VV-za-odabir-i-provedbu-projekata-u-okviru-LRSR.pdf\">PRILOG VIII Pravilnik za provedbu projekata u okviru LRSR LAGUR-a Vela vrata<\/a><\/li>\n<li><a href=\"https:\/\/euribarstvo.hr\/propisi-smjernice\/\">PRILOG IX Priru\u010dnik za korisnike OPPR-a_ Kontrola na terenu<\/a><\/li>\n<li><a href=\"https:\/\/euribarstvo.hr\/propisi-smjernice\/\">PRILOG X Upute za \u010duvanje dokumentacije<\/a><\/li>\n<li><a href=\"https:\/\/euribarstvo.hr\/propisi-smjernice\/\">PRILOG XI Vodi\u010d za upis u evidenciju korisnika potpora u ruralnom razvoju i ribarstvu<\/a><\/li>\n<li><a href=\"https:\/\/vela-vrata.hr\/2014-2020\/wordpress\/wp-content\/uploads\/2019\/09\/Vodi%C4%8D_Definicija-MSP-a-1.pdf\">PRILOG XII Vodi\u010d_Definicija-MSP-a<\/a><\/li>\n<li><a href=\"https:\/\/euribarstvo.hr\/propisi-smjernice\/\">PRILOG XIII Vizualni identitet OP za pomorstvo i ribarstvo<\/a><\/li>\n<li><a href=\"https:\/\/euribarstvo.hr\/propisi-smjernice\/\">PRILOG XIV Uputa za popunjavanje obrasca Zahtjeva za kontrolu na terenu u ranijoj fazi<\/a><\/li>\n<\/ul>\n<p><strong><em>4. OBRASCI&nbsp;<\/em><\/strong><\/p>\n<ul>\n<li><a href=\"https:\/\/vela-vrata.hr\/2014-2020\/wordpress\/wp-content\/uploads\/2020\/06\/Obrazac-1.A-Zahtjev-za-potporu_M_2.1_V.1.0-1.docx\">Obrazac-1.A-Zahtjev-za-potporu_M_2.1_V.1.0<\/a><\/li>\n<li><a href=\"https:\/\/vela-vrata.hr\/2014-2020\/wordpress\/wp-content\/uploads\/2020\/06\/Obrazac-1.B-Lista-tro\u0161kova_M_2.1._V1.0-2.xlsx\">Obrazac 1.B Lista tro\u0161kova_M_2.1._V1.0<\/a><\/li>\n<li><a href=\"https:\/\/vela-vrata.hr\/2014-2020\/wordpress\/wp-content\/uploads\/2020\/06\/Obrazac-1.C-Odrzivost-projekta_M_2.1._V1.0.xlsx\">Obrazac 1.C Odrzivost projekta_M_2.1._V1.0<\/a><\/li>\n<li><a href=\"https:\/\/vela-vrata.hr\/2014-2020\/wordpress\/wp-content\/uploads\/2020\/06\/Obrazac-2.A-Izjava-nositelja-projekta_V1.0.docx\">Obrazac 2.A Izjava nositelja projekta_V1.0<\/a><\/li>\n<li><a href=\"https:\/\/vela-vrata.hr\/2014-2020\/wordpress\/wp-content\/uploads\/2020\/06\/Obrazac-2.B-Izjava-Nositelja-projekta-_V1.0.docx\">Obrazac 2.B Izjava Nositelja projekt<\/a>a_v.1.0<\/li>\n<li><a style=\"font-size: 1rem;\" href=\"https:\/\/vela-vrata.hr\/2014-2020\/wordpress\/wp-content\/uploads\/2020\/06\/Obrazac-3.-Izjava-Partnera-u-projektu_V1.0.docx\">Obrazac 3. Izjava Partnera u projektu_V1.0<\/a><\/li>\n<li><a href=\"https:\/\/vela-vrata.hr\/2014-2020\/wordpress\/wp-content\/uploads\/2020\/06\/Obrazac-4.-Sporazum-o-partnerstvu_V1.0.docx\">Obrazac 4. Sporazum o partnerstvu_V1.0<\/a><\/li>\n<li><a href=\"https:\/\/vela-vrata.hr\/2014-2020\/wordpress\/wp-content\/uploads\/2020\/06\/Obrazac-5.-Sazetak-izbora-ponuda_M_2.1._V.1.xlsx\">Obrazac 5. Sazetak izbora ponuda_M_2.1._V.0<\/a><\/li>\n<li><a href=\"https:\/\/vela-vrata.hr\/2014-2020\/wordpress\/wp-content\/uploads\/2020\/06\/Obrazac-6.-Izjava-o-nespostojanju-sukoba-interesa_M_2.1._V.1.docx\">Obrazac 6. Izjava o nespostojanju sukoba interesa_M_2.1._V.1<\/a><\/li>\n<li><a href=\"https:\/\/vela-vrata.hr\/2014-2020\/wordpress\/wp-content\/uploads\/2020\/06\/Obrazac-7.-Izjava-o-nepostojanju-vlasnicke-povezanosti_M_2.1._V.0.docx\">Obrazac 7. Izjava o nepostojanju vlasnicke povezanosti_M_2.1._V.0<\/a><\/li>\n<li>Obrazac 8.A_Zahtjev za isplatu_V1.0 &#8211; &#8211; van snage, molimo koristiti obrasce oznake v. 1.1.<\/li>\n<li>Obrazac 8.B Zahtjev za isplatu_Izjava o izdacima_M_2.1._V.1 &#8211; van snage, molimo koristiti obrasce oznake v. 1.1.<\/li>\n<li><a href=\"https:\/\/vela-vrata.hr\/2014-2020\/wordpress\/wp-content\/uploads\/2020\/06\/Obrazac-9.-Izjava-o-velicini-poduzeca_m2.1._V.1.0.xlsx\">Obrazac 9. Izjava o velicini poduzeca_m2.1._V.1.0<\/a><\/li>\n<li><a href=\"https:\/\/vela-vrata.hr\/2014-2020\/wordpress\/wp-content\/uploads\/2020\/06\/Obrazac-10.-Izvjesce-o-napretku_M2.1._v.1.0.docx\">Obrazac 10. Izvjesce o napretku_M2.1._v.1.0<\/a><\/li>\n<li><a href=\"https:\/\/vela-vrata.hr\/2014-2020\/wordpress\/wp-content\/uploads\/2019\/09\/Obrazac-11.-Izjava-vlasnika-nekretnice.docx\">Obrazac 11. Izjava vlasnika nekretnice<\/a><\/li>\n<li><a href=\"https:\/\/vela-vrata.hr\/2014-2020\/wordpress\/wp-content\/uploads\/2020\/06\/Obrazac-12.-Izjava-o-javnoj-dostupnosti-ulaganja_M2.1._v.1.0-1.docx\">Obrazac 12. Izjava o javnoj dostupnosti ulaganja_M2.1._v.1.0<\/a><\/li>\n<li><a href=\"https:\/\/euribarstvo.hr\/natjecaji\/novi-pravilnik-o-uvjetima-kriterijima-nacinu-odabira-financiranja-i-provedbe-lokalnih-razvojnih-strategija-u-ribarstvu-2019-godina\/\">Obrazac 13 &#8211; Zahtjev za odobrenje promjena u operacijama u okviru provedbe LRSR<\/a><\/li>\n<\/ul>\n<p>&nbsp;<\/p>\n<p>01.07.2020.<\/p>\n<p>Molimo vas, da u slu\u010daju tehni\u010dkih problema s preuzimanjem obrazaca kontaktirate voditeljicu na 0917323356.<\/p>\n<h2><strong>REZULTATI&nbsp;<\/strong><\/h2>\n<p><a href=\"https:\/\/vela-vrata.hr\/2014-2020\/wordpress\/wp-content\/uploads\/2020\/06\/Finalna-RANG-Lista-nakon-prigovora_objava.pdf\">Finalna RANG Lista &#8211; nakon prigovora<\/a><\/p>\n<p>09.04.2021.<\/p>\n\n\n<div class=\"wp-block-file\"><a id=\"wp-block-file--media-90c4f153-8644-4f93-8783-e0d92cbc1497\" href=\"https:\/\/vela-vrata.hr\/2014-2020\/wp-content\/uploads\/2023\/02\/M2.1._Obrazac-8.B-Zahtjev-za-isplatu_Izjava-o-izdacima_EUR_V1.1..xlsx\">M2.1._Obrazac-8.B-Zahtjev-za-isplatu_Izjava-o-izdacima_EUR_V1.1.<\/a><a href=\"https:\/\/vela-vrata.hr\/2014-2020\/wp-content\/uploads\/2023\/02\/M2.1._Obrazac-8.B-Zahtjev-za-isplatu_Izjava-o-izdacima_EUR_V1.1..xlsx\" class=\"wp-block-file__button\" download aria-describedby=\"wp-block-file--media-90c4f153-8644-4f93-8783-e0d92cbc1497\">Preuzmi<\/a><\/div>\n\n\n\n<div class=\"wp-block-file\"><a id=\"wp-block-file--media-27becb63-8113-48d5-a26f-89eb1e2d25a8\" href=\"https:\/\/vela-vrata.hr\/2014-2020\/wp-content\/uploads\/2023\/02\/M2.1._Obrazac-8.A-Zahtjev-za-isplatu_EUR_V1.1.-1.docx\">M2.1._Obrazac-8.A-Zahtjev-za-isplatu_EUR_V1.1.-1<\/a><a href=\"https:\/\/vela-vrata.hr\/2014-2020\/wp-content\/uploads\/2023\/02\/M2.1._Obrazac-8.A-Zahtjev-za-isplatu_EUR_V1.1.-1.docx\" class=\"wp-block-file__button\" download aria-describedby=\"wp-block-file--media-27becb63-8113-48d5-a26f-89eb1e2d25a8\">Preuzmi<\/a><\/div>\n\n\n\n<p><\/p>\n","protected":false},"excerpt":{"rendered":"<p>FLAG Natje\u010daj za Mjeru 2.1. O\u010duvanje okoli\u0161a i poticanje na odr\u017eivo upravljanje prirodnim resursima Predmet i svrha FLAG natje\u010daja je dodjela javne potpore za provedbu Mjere 2.1. u okviru odobrene LRSR s&nbsp;ciljem&nbsp;promicanje za\u0161tite i odr\u017eivog upravljanja prirodnom resursnom osnovnom i valorizacija kulturne, pomorske i ribarske ba\u0161tine i povezanih tradicijskih znanja. &#8211; ZATVORENO &#8211; Osnovni podaci &hellip; <\/p>\n<p class=\"link-more\"><a href=\"https:\/\/vela-vrata.hr\/2014-2020\/flag-natjecaj-za-mjeru-2-1\/\" class=\"more-link\">Nastavi \u010ditati<span class=\"screen-reader-text\"> &#8220;FLAG natje\u010daj za Mjeru 2.1.&#8221;<\/span><\/a><\/p>\n","protected":false},"author":1,"featured_media":0,"parent":0,"menu_order":0,"comment_status":"closed","ping_status":"closed","template":"","meta":{"ngg_post_thumbnail":0,"footnotes":""},"_links":{"self":[{"href":"https:\/\/vela-vrata.hr\/2014-2020\/wp-json\/wp\/v2\/pages\/767"}],"collection":[{"href":"https:\/\/vela-vrata.hr\/2014-2020\/wp-json\/wp\/v2\/pages"}],"about":[{"href":"https:\/\/vela-vrata.hr\/2014-2020\/wp-json\/wp\/v2\/types\/page"}],"author":[{"embeddable":true,"href":"https:\/\/vela-vrata.hr\/2014-2020\/wp-json\/wp\/v2\/users\/1"}],"replies":[{"embeddable":true,"href":"https:\/\/vela-vrata.hr\/2014-2020\/wp-json\/wp\/v2\/comments?post=767"}],"version-history":[{"count":24,"href":"https:\/\/vela-vrata.hr\/2014-2020\/wp-json\/wp\/v2\/pages\/767\/revisions"}],"predecessor-version":[{"id":1387,"href":"https:\/\/vela-vrata.hr\/2014-2020\/wp-json\/wp\/v2\/pages\/767\/revisions\/1387"}],"wp:attachment":[{"href":"https:\/\/vela-vrata.hr\/2014-2020\/wp-json\/wp\/v2\/media?parent=767"}],"curies":[{"name":"wp","href":"https:\/\/api.w.org\/{rel}","templated":true}]}}