{"id":828,"date":"2020-08-26T14:00:50","date_gmt":"2020-08-26T14:00:50","guid":{"rendered":"http:\/\/vela-vrata.hr\/?page_id=828"},"modified":"2023-06-27T13:55:24","modified_gmt":"2023-06-27T13:55:24","slug":"mjera-1-1","status":"publish","type":"page","link":"https:\/\/vela-vrata.hr\/2014-2020\/mjera-1-1\/","title":{"rendered":"Mjera 1.1"},"content":{"rendered":"<h1 style=\"text-align: center;\"><strong>PODR\u0160KA RAZVOJU I OSUVREMENJIVANJU MALE RIBARSKE INFRASTRUKTURE I UNAPRE\u0110ENJE UVJETA POSLOVANJA<\/strong><\/h1>\n<p><strong>Specifi\u010dni Cilj 1. iz LRSR:&nbsp;<\/strong>Pove\u0107anje konkurentnosti ribarstvenog podru\u010dja i unapre\u0111enje lanca vrijednosti kroz preradu, razvoj tr\u017ei\u0161ta i diverzifikaciju djelatnosti<\/p>\n<p><strong><em>Napomena:<\/em><\/strong> <em>Zbog jasnijeg razgrani\u010denja uvjeta prihvatljivosti korisnika &nbsp;za pojedine aktivnosti, Mjera 1.1. biti \u0107e raspisivana u tri&nbsp;etape. Pored svakog naslova napomenuto je OTVORENO ili ZATVORENO<\/em><\/p>\n<h3>&nbsp;<\/h3>\n<h3 style=\"text-align: center;\"><strong>PRVI FLAG NATJE\u010cAJ ZA MJERU 1.1.A&nbsp;<\/strong><\/h3>\n<p><strong>Mjeru 1.1. A<\/strong> &#8211; usmjerena registriranim prvokupcima &#8211; ugostiteljima, prera\u0111iva\u010dima i trgovcima &#8211; do 80% sufinanciranja &#8211;&nbsp;<strong>ZATVORENO<\/strong><\/p>\n<p><strong>Datum otvaranja natje\u010daja:<\/strong>&nbsp;01.10.2021.<\/p>\n<p><strong>Prijave:<\/strong>&nbsp;od 15.10.2021. do zaklju\u010dno s 21.12.2021.<\/p>\n<p><strong>Iznos sredstava:<\/strong>&nbsp;70.000,00 EURA u kunskoj protuvrijednosti<\/p>\n<p><strong>Krajnji rok za podno\u0161enje zahtjeva za isplatu:&nbsp;<\/strong>01.06.2023.<\/p>\n<p style=\"text-align: center;\">&#8211; Dokumentaciju mo\u017eete preuzeti <a href=\"https:\/\/vela-vrata.hr\/2014-2020\/mjera-1-1\/prvi-flag-natjecaj-za-mjeru-1-1-a\/\"><strong>OVDJE<\/strong><\/a>&nbsp;&#8211;<\/p>\n<h3>&nbsp;<\/h3>\n<h3 style=\"text-align: center;\"><strong>DRUGI FLAG NATJE\u010cAJ ZA MJERU 1.1.A&nbsp;<\/strong><\/h3>\n<p><strong>Mjeru 1.1. A<\/strong> &#8211; usmjerena registriranim prvokupcima &#8211; ugostiteljima i subjektima u poslovanju s hranom s registriranim objektima (ribarnicama)&nbsp; &#8211; do 100% sufinanciranja &#8211; <strong>ZATVORENO<\/strong><\/p>\n<p><strong>Datum otvaranja natje\u010daja:<\/strong> 13.04.2022.<\/p>\n<p><strong>Prijave:<\/strong> od 20.04.2022. do zaklju\u010dno s 20.05.2022.<\/p>\n<p><strong>Iznos raspolo\u017eivih sredstava:<\/strong> <strong>124.112,45 EUR <\/strong>u kunskoj protuvrijednosti<\/p>\n<p><strong>Krajnji rok za podno\u0161enje zahtjeva za isplatu: <\/strong>03.11.2023.<\/p>\n<p style=\"text-align: center;\">&#8211; Dokumentaciju mo\u017eete preuzeti <a href=\"https:\/\/vela-vrata.hr\/2014-2020\/?page_id=1101&amp;preview=true\"><strong>OVDJE<\/strong><\/a>&nbsp;&#8211;<\/p>\n<h3 style=\"text-align: center;\">TRE\u0106I FLAG NATJE\u010cAJ ZA MJERU 1.1.A&nbsp;<\/h3>\n<p><strong>Mjeru 1.1. A<\/strong> &#8211; usmjerena registriranim prvokupcima &#8211; ugostiteljima i subjektima u poslovanju s hranom s registriranim objektima (ribarnicama)&nbsp; &#8211; do 100% sufinanciranja &#8211; <strong>ZATVORENO<\/strong><\/p>\n<p><strong>Datum otvaranja natje\u010daja:<\/strong> 29.12.2022.<\/p>\n<p><strong>Prijave:<\/strong> od 04.01.2023. do zaklju\u010dno s 06.02.2023.<\/p>\n<p><strong>Iznos raspolo\u017eivih sredstava:<\/strong> <strong>50.000,00 EUR&nbsp;<\/strong><\/p>\n<p><strong>Krajnji rok za podno\u0161enje zahtjeva za isplatu:&nbsp;<\/strong>03.11.2023.<\/p>\n<p style=\"text-align: center;\">&#8211; Dokumentaciju mo\u017eete preuzeti <a href=\"https:\/\/vela-vrata.hr\/2014-2020\/mjera-1-1\/treci-flag-natjecaj-za-mjeru-1-1-a\/\"><strong>OVDJE<\/strong><\/a>&nbsp;&#8211;<\/p>\n<p>&nbsp;<\/p>\n<h3 style=\"text-align: center;\"><strong>PRVI FLAG NATJE\u010cAJ ZA MJERU 1.1.B&nbsp;<\/strong><\/h3>\n<p><strong>Mjera 1.1. B<\/strong> &#8211; usmjerena javnopravnim tijelima za pove\u0107anje konkurentnosti ribarstvenog podru\u010dja kroz ulaganja u infrastrukturu i opremu&nbsp; &#8211; do 100% sufinanciranja usmjerena je na osuvremenjivanje infrastrukture &#8211; <strong>ZATVORENO<\/strong><\/p>\n<p><strong>Datum otvaranja natje\u010daja:<\/strong>&nbsp;26.02.2021.<\/p>\n<p><strong>Prijave:<\/strong>&nbsp;od 15.03.2021. do zaklju\u010dno s 30.06.2021.<\/p>\n<p><strong>Krajnji rok za podno\u0161enje zahtjeva za isplatu:&nbsp;<\/strong>04.08.2023.<\/p>\n<p>Dokumentaciju mo\u017eete preuzeti <a href=\"https:\/\/vela-vrata.hr\/2014-2020\/mjera-1-1\/mjera-1-1-b\/\"><strong>OVDJE<\/strong><\/a><\/p>\n<h3>&nbsp;<\/h3>\n<h3 style=\"text-align: center;\"><strong>PRVI FLAG NATJE\u010cAJ ZA MJERU 1.1.C&nbsp;<\/strong><\/h3>\n<p><strong>Mjera 1.1. C<\/strong> &#8211; usmjerena gospodarskom sektoru ribarstva i akvakulture za&nbsp; unapre\u0111enje uvjeta poslovanja na i izvan plovila &#8211; do 80% sufinanciranja &#8211; <strong>ZATVORENO<\/strong><\/p>\n<p><strong>Datum&nbsp;otvaranja natje\u010daja:<\/strong>&nbsp;15.12.2020.<\/p>\n<p><strong>Prijave:&nbsp;<\/strong>od 28.12.2020. do zaklju\u010dno s 02.04.2021.<\/p>\n<p><strong>Iznos sredstava:<\/strong> 528.290,00 HRK<\/p>\n<p><strong>Krajnji rok za podno\u0161enje zahtjeva za isplatu:<\/strong> 03.11.2023.<\/p>\n<p>Dokumentaciju mo\u017eete preuzeti&nbsp;<a href=\"https:\/\/vela-vrata.hr\/2014-2020\/mjera-1-1\/prvi-flag-natjecaj-za-mjeru-1-1-c-zatvoreno\/\"><strong>OVDJE<\/strong><\/a><\/p>\n<p>&nbsp;<\/p>\n<h3 style=\"text-align: center;\"><strong>DRUGI FLAG NATJE\u010cAJ ZA MJERU 1.1.C&nbsp;<\/strong><\/h3>\n<p><strong>Mjera 1.1. C<\/strong>&nbsp;&#8211; usmjerena gospodarskom sektoru ribarstva i akvakulture za&nbsp; unapre\u0111enje uvjeta poslovanja na i izvan plovila &#8211; do 80% sufinanciranja &#8211;<strong>ZATVORENO<\/strong><\/p>\n<p><strong>Datum&nbsp;otvaranja natje\u010daja:<\/strong>&nbsp;01.09.2021.<\/p>\n<p><strong>Prijave:&nbsp;<\/strong>od 08.09.2021. do zaklju\u010dno s 08.10.2021.<\/p>\n<p><strong>Iznos sredstava:<\/strong>&nbsp;528.290,00 HRK<\/p>\n<p><strong>Krajnji rok za podno\u0161enje zahtjeva za isplatu:<\/strong> 03.11.2023.<\/p>\n<p style=\"text-align: center;\">&#8211; Dokumentaciju mo\u017eete preuzeti <strong><a href=\"https:\/\/vela-vrata.hr\/2014-2020\/?page_id=992&amp;preview=true\">OVDJE<\/a><\/strong> &#8211;<\/p>\n<p>&nbsp;<\/p>\n<h3 style=\"text-align: center;\">TRE\u0106I FLAG NATJE\u010cAJ ZA MJERU 1.1.C&nbsp;<\/h3>\n<p><strong>Mjera 1.1. C<\/strong> &#8211; usmjerena gospodarskom sektoru ribarstva i akvakulture za&nbsp; unapre\u0111enje uvjeta poslovanja na i izvan plovila &#8211; do 80% sufinanciranja &#8211; <strong>ZATVORENO<\/strong><\/p>\n<p><strong style=\"font-size: revert; color: initial;\">Datum&nbsp;otvaranja natje\u010daja:<\/strong><span style=\"font-size: revert; color: initial;\"> 29.12.2022.<\/span><\/p>\n<p><strong>Prijave:&nbsp;<\/strong>od 04.01.2023. do zaklju\u010dno s 06.02.2023.<\/p>\n<p><strong>Iznos sredstava:<\/strong> 62.467,24 EUR<\/p>\n<p><strong>Krajnji rok za podno\u0161enje zahtjeva za isplatu:<\/strong> 03.11.2023.<\/p>\n<p style=\"text-align: center;\">&#8211; Dokumentaciju mo\u017eete preuzeti <a href=\"https:\/\/vela-vrata.hr\/2014-2020\/mjera-1-1\/treci-flag-natjecaj-za-mjeru-1-1-c\/\"><strong>OVDJE<\/strong><\/a> &#8211;<\/p>\n","protected":false},"excerpt":{"rendered":"<p>PODR\u0160KA RAZVOJU I OSUVREMENJIVANJU MALE RIBARSKE INFRASTRUKTURE I UNAPRE\u0110ENJE UVJETA POSLOVANJA Specifi\u010dni Cilj 1. iz LRSR:&nbsp;Pove\u0107anje konkurentnosti ribarstvenog podru\u010dja i unapre\u0111enje lanca vrijednosti kroz preradu, razvoj tr\u017ei\u0161ta i diverzifikaciju djelatnosti Napomena: Zbog jasnijeg razgrani\u010denja uvjeta prihvatljivosti korisnika &nbsp;za pojedine aktivnosti, Mjera 1.1. biti \u0107e raspisivana u tri&nbsp;etape. Pored svakog naslova napomenuto je OTVORENO ili ZATVORENO &hellip; <\/p>\n<p class=\"link-more\"><a href=\"https:\/\/vela-vrata.hr\/2014-2020\/mjera-1-1\/\" class=\"more-link\">Nastavi \u010ditati<span class=\"screen-reader-text\"> &#8220;Mjera 1.1&#8221;<\/span><\/a><\/p>\n","protected":false},"author":1,"featured_media":0,"parent":0,"menu_order":0,"comment_status":"closed","ping_status":"closed","template":"","meta":{"ngg_post_thumbnail":0,"footnotes":""},"_links":{"self":[{"href":"https:\/\/vela-vrata.hr\/2014-2020\/wp-json\/wp\/v2\/pages\/828"}],"collection":[{"href":"https:\/\/vela-vrata.hr\/2014-2020\/wp-json\/wp\/v2\/pages"}],"about":[{"href":"https:\/\/vela-vrata.hr\/2014-2020\/wp-json\/wp\/v2\/types\/page"}],"author":[{"embeddable":true,"href":"https:\/\/vela-vrata.hr\/2014-2020\/wp-json\/wp\/v2\/users\/1"}],"replies":[{"embeddable":true,"href":"https:\/\/vela-vrata.hr\/2014-2020\/wp-json\/wp\/v2\/comments?post=828"}],"version-history":[{"count":35,"href":"https:\/\/vela-vrata.hr\/2014-2020\/wp-json\/wp\/v2\/pages\/828\/revisions"}],"predecessor-version":[{"id":1552,"href":"https:\/\/vela-vrata.hr\/2014-2020\/wp-json\/wp\/v2\/pages\/828\/revisions\/1552"}],"wp:attachment":[{"href":"https:\/\/vela-vrata.hr\/2014-2020\/wp-json\/wp\/v2\/media?parent=828"}],"curies":[{"name":"wp","href":"https:\/\/api.w.org\/{rel}","templated":true}]}}